{"id":11453,"date":"2023-11-22T14:55:08","date_gmt":"2023-11-22T14:55:08","guid":{"rendered":"https:\/\/philipsbookshop.com\/?post_type=product&#038;p=11453"},"modified":"2023-11-22T14:55:08","modified_gmt":"2023-11-22T14:55:08","slug":"pokemon-book-of-joy","status":"publish","type":"product","link":"https:\/\/philipsbookshop.com\/?product=pokemon-book-of-joy","title":{"rendered":"Pokemon Book of Joy"},"content":{"rendered":"<p>Like our heroes Ash and Pikachu, we are all on a road to personal mastery. But life isn&#8217;t always sunshine and Jigglypuffs. Written by some of the greatest Pok\u00e9mon trainers in history, this inspirational book of wit and wisdom offers advice for every turn of life&#8217;s winding path, from the road to Viridian City to the heady heights of Indigo Plateau. Bursting full of positivity, humour and fun, this charming book of inspirational quotes and illustrations shows that although Jigglypuff, Meowth and Pikachu may be Pok\u00e9mon, their values could not be more human. We all live in a Pok\u00e9mon world. Pok\u00e9mon Book of Joy will leave you ready to face every challenge along the way. And to truly catch &#8217;em all!<\/p>\n<p>Format: Hardback<\/p>\n","protected":false},"excerpt":{"rendered":"<p>Like our heroes Ash and Pikachu, we are all on a road to personal mastery. But life isn&#8217;t always sunshine and Jigglypuffs. Written by some of the greatest Pok\u00e9mon trainers in history, this inspirational book of wit and wisdom offers advice for every turn of life&#8217;s winding path, from the road to Viridian City to [&hellip;]<\/p>\n","protected":false},"featured_media":11454,"template":"","meta":{"_monsterinsights_skip_tracking":false,"_monsterinsights_sitenote_active":false,"_monsterinsights_sitenote_note":"","_monsterinsights_sitenote_category":0},"product_brand":[],"product_cat":[93,270,104,96],"product_tag":[1085],"class_list":{"0":"post-11453","1":"product","2":"type-product","3":"status-publish","4":"has-post-thumbnail","6":"product_cat-general-books","7":"product_cat-humour-general-books","8":"product_cat-mind-body-spirit","9":"product_cat-new-releases","10":"product_tag-pokemon","12":"first","13":"instock","14":"taxable","15":"shipping-taxable","16":"purchasable","17":"product-type-simple"},"aioseo_notices":[],"jetpack_sharing_enabled":true,"_links":{"self":[{"href":"https:\/\/philipsbookshop.com\/index.php?rest_route=\/wp\/v2\/product\/11453","targetHints":{"allow":["GET"]}}],"collection":[{"href":"https:\/\/philipsbookshop.com\/index.php?rest_route=\/wp\/v2\/product"}],"about":[{"href":"https:\/\/philipsbookshop.com\/index.php?rest_route=\/wp\/v2\/types\/product"}],"wp:featuredmedia":[{"embeddable":true,"href":"https:\/\/philipsbookshop.com\/index.php?rest_route=\/wp\/v2\/media\/11454"}],"wp:attachment":[{"href":"https:\/\/philipsbookshop.com\/index.php?rest_route=%2Fwp%2Fv2%2Fmedia&parent=11453"}],"wp:term":[{"taxonomy":"product_brand","embeddable":true,"href":"https:\/\/philipsbookshop.com\/index.php?rest_route=%2Fwp%2Fv2%2Fproduct_brand&post=11453"},{"taxonomy":"product_cat","embeddable":true,"href":"https:\/\/philipsbookshop.com\/index.php?rest_route=%2Fwp%2Fv2%2Fproduct_cat&post=11453"},{"taxonomy":"product_tag","embeddable":true,"href":"https:\/\/philipsbookshop.com\/index.php?rest_route=%2Fwp%2Fv2%2Fproduct_tag&post=11453"}],"curies":[{"name":"wp","href":"https:\/\/api.w.org\/{rel}","templated":true}]}}