{"id":12887,"date":"2024-11-28T13:29:43","date_gmt":"2024-11-28T13:29:43","guid":{"rendered":"https:\/\/philipsbookshop.com\/?post_type=product&#038;p=12887"},"modified":"2025-01-18T11:42:27","modified_gmt":"2025-01-18T11:42:27","slug":"gaeilge-i-mo-chroi-irish-in-my-heart","status":"publish","type":"product","link":"https:\/\/philipsbookshop.com\/?product=gaeilge-i-mo-chroi-irish-in-my-heart","title":{"rendered":"Gaeilge I Mo Chro\u00ed &#8211; Irish In My Heart"},"content":{"rendered":"<p>Your Guide to Loving and Living the Irish Language<\/p>\n<p>A JOURNEY INTO THE WISDOM AND WIT OF AN GAEILGE<\/p>\n<p>How do you feel about embracing our native tongue? A bit awkward? At odds after a tricky relationship at school? Maybe you&#8217;ve given up or don\u2019t know where to start? Well, is fada an b\u00f3thar nach mb\u00edonn casadh ann\u2014long is the road that has no turn\u2014and in this book, that road is about to turn.<\/p>\n<p>Through seanfhocail agus sc\u00e9alta\u2014proverbs and stories\u2014Molly Nic C\u00e9ile, creator of the social media s<span class=\"morecontent\">ensation for Irish-language learners and lovers Gaeilge i Mo Chro\u00ed, invites us to connect with Irish in our hearts, turning n\u00e1ire into g\u00e1ire\u2014embarrassment into laughter\u2014on a journey of renewed pride in our national tongue.<\/span><\/p>\n<p>Gaeilge i Mo Chro\u00ed &#8211; Irish In My Heart: Your Guide to Loving and Living is filled with plenty of craic along the way\u2014including the hilarious \u201cif Irish were English\u201d approach to better understanding sentence structure.<\/p>\n<p>This book provides guidance on bringing Irish into our everyday lives, supported by useful word and phrase glossaries throughout.<\/p>\n<p>Gaeilge i Mo Chro\u00ed &#8211; Irish In My Heart by Molly Nic C\u00e9ile encourages readers to connect with an Ghaeilge they didn\u2019t know they knew, to embrace na bot\u00fain\u2014the mistakes\u2014and to discover the richness our beautiful language\u2014\u00e1r teanga \u00e1lainn\u2014can offer.<\/p>\n","protected":false},"excerpt":{"rendered":"<p>Your Guide to Loving and Living the Irish Language A JOURNEY INTO THE WISDOM AND WIT OF AN GAEILGE How do you feel about embracing our native tongue? A bit awkward? At odds after a tricky relationship at school? Maybe you&#8217;ve given up or don\u2019t know where to start? Well, is fada an b\u00f3thar nach [&hellip;]<\/p>\n","protected":false},"featured_media":12888,"template":"","meta":{"_monsterinsights_skip_tracking":false,"_monsterinsights_sitenote_active":false,"_monsterinsights_sitenote_note":"","_monsterinsights_sitenote_category":0},"product_brand":[],"product_cat":[231,93,175],"product_tag":[],"class_list":{"0":"post-12887","1":"product","2":"type-product","3":"status-publish","4":"has-post-thumbnail","6":"product_cat-best-selling-non-fiction","7":"product_cat-general-books","8":"product_cat-gifts","10":"first","11":"instock","12":"taxable","13":"shipping-taxable","14":"purchasable","15":"product-type-simple"},"aioseo_notices":[],"jetpack_sharing_enabled":true,"_links":{"self":[{"href":"https:\/\/philipsbookshop.com\/index.php?rest_route=\/wp\/v2\/product\/12887","targetHints":{"allow":["GET"]}}],"collection":[{"href":"https:\/\/philipsbookshop.com\/index.php?rest_route=\/wp\/v2\/product"}],"about":[{"href":"https:\/\/philipsbookshop.com\/index.php?rest_route=\/wp\/v2\/types\/product"}],"wp:featuredmedia":[{"embeddable":true,"href":"https:\/\/philipsbookshop.com\/index.php?rest_route=\/wp\/v2\/media\/12888"}],"wp:attachment":[{"href":"https:\/\/philipsbookshop.com\/index.php?rest_route=%2Fwp%2Fv2%2Fmedia&parent=12887"}],"wp:term":[{"taxonomy":"product_brand","embeddable":true,"href":"https:\/\/philipsbookshop.com\/index.php?rest_route=%2Fwp%2Fv2%2Fproduct_brand&post=12887"},{"taxonomy":"product_cat","embeddable":true,"href":"https:\/\/philipsbookshop.com\/index.php?rest_route=%2Fwp%2Fv2%2Fproduct_cat&post=12887"},{"taxonomy":"product_tag","embeddable":true,"href":"https:\/\/philipsbookshop.com\/index.php?rest_route=%2Fwp%2Fv2%2Fproduct_tag&post=12887"}],"curies":[{"name":"wp","href":"https:\/\/api.w.org\/{rel}","templated":true}]}}