{"id":12912,"date":"2024-12-09T16:35:38","date_gmt":"2024-12-09T16:35:38","guid":{"rendered":"https:\/\/philipsbookshop.com\/?post_type=product&#038;p=12912"},"modified":"2025-12-18T21:22:54","modified_gmt":"2025-12-18T21:22:54","slug":"memories-of-colaiste-iosagain","status":"publish","type":"product","link":"https:\/\/philipsbookshop.com\/?product=memories-of-colaiste-iosagain","title":{"rendered":"Memories of Col\u00e1iste \u00cdosag\u00e1in"},"content":{"rendered":"<p>This is a book of memories, in both Irish and English of Col\u00e1iste Iosag\u00e1in, Ballyvourney, as told by those who were there, with each person deciding what to say and how to say it. Some in one language, some in both.<\/p>\n<p>Col\u00e1iste Iosag\u00e1in, Ballyvourney began life as a selective intake, all male, preparatory school and ended as a mixed ability, co-educational secondary school. Typhoid, tuberculosis, smallpox and polio posed real threats. The introduction of electricity, television and free education utterly changed Irish society. That is the backdrop to this book. Front of stage are the Brothers, lay teachers and students who share their story with us.<\/p>\n<p>Edited by Kieran Groeger<\/p>\n<p>Format: Hardback<\/p>\n","protected":false},"excerpt":{"rendered":"<p>This is a book of memories, in both Irish and English of Col\u00e1iste Iosag\u00e1in, Ballyvourney, as told by those who were there, with each person deciding what to say and how to say it. Some in one language, some in both. Col\u00e1iste Iosag\u00e1in, Ballyvourney began life as a selective intake, all male, preparatory school and [&hellip;]<\/p>\n","protected":false},"featured_media":12913,"template":"","meta":{"_monsterinsights_skip_tracking":false,"_monsterinsights_sitenote_active":false,"_monsterinsights_sitenote_note":"","_monsterinsights_sitenote_category":0},"product_brand":[],"product_cat":[93,2003,109],"product_tag":[2039],"class_list":{"0":"post-12912","1":"product","2":"type-product","3":"status-publish","4":"has-post-thumbnail","6":"product_cat-general-books","7":"product_cat-local-authors","8":"product_cat-local-interest","9":"product_tag-scoil-iosagain","11":"first","12":"outofstock","13":"taxable","14":"shipping-taxable","15":"purchasable","16":"product-type-simple"},"aioseo_notices":[],"jetpack_sharing_enabled":true,"_links":{"self":[{"href":"https:\/\/philipsbookshop.com\/index.php?rest_route=\/wp\/v2\/product\/12912","targetHints":{"allow":["GET"]}}],"collection":[{"href":"https:\/\/philipsbookshop.com\/index.php?rest_route=\/wp\/v2\/product"}],"about":[{"href":"https:\/\/philipsbookshop.com\/index.php?rest_route=\/wp\/v2\/types\/product"}],"wp:featuredmedia":[{"embeddable":true,"href":"https:\/\/philipsbookshop.com\/index.php?rest_route=\/wp\/v2\/media\/12913"}],"wp:attachment":[{"href":"https:\/\/philipsbookshop.com\/index.php?rest_route=%2Fwp%2Fv2%2Fmedia&parent=12912"}],"wp:term":[{"taxonomy":"product_brand","embeddable":true,"href":"https:\/\/philipsbookshop.com\/index.php?rest_route=%2Fwp%2Fv2%2Fproduct_brand&post=12912"},{"taxonomy":"product_cat","embeddable":true,"href":"https:\/\/philipsbookshop.com\/index.php?rest_route=%2Fwp%2Fv2%2Fproduct_cat&post=12912"},{"taxonomy":"product_tag","embeddable":true,"href":"https:\/\/philipsbookshop.com\/index.php?rest_route=%2Fwp%2Fv2%2Fproduct_tag&post=12912"}],"curies":[{"name":"wp","href":"https:\/\/api.w.org\/{rel}","templated":true}]}}