{"id":6015,"date":"2021-01-20T13:53:49","date_gmt":"2021-01-20T13:53:49","guid":{"rendered":"https:\/\/philipsbookshop.com\/?post_type=product&#038;p=6015"},"modified":"2023-10-26T10:52:51","modified_gmt":"2023-10-26T10:52:51","slug":"cupla","status":"publish","type":"product","link":"https:\/\/philipsbookshop.com\/?product=cupla","title":{"rendered":"C\u00fapla"},"content":{"rendered":"<p>C\u00fapla iad Sharon agus \u00c9ile agus iad beirt c\u00faig bliana d\u00e9ag d&#8217;aois. Cail\u00edn ci\u00fain, stuama, staid\u00e9arach \u00ed \u00c9ile at\u00e1 go maith ar scoil, ach t\u00e1 Sharon aerach agus fi\u00e1in agus b\u00edonn s\u00ed ag pleidhc\u00edocht i gc\u00f3na\u00ed. Agus an Teastas S\u00f3isearach ag druidim leo n\u00ed m\u00f3r do Sharon lu\u00ed isteach ar an obair, ach l\u00e1 amh\u00e1in feiceann s\u00ed rud a chuireann as go m\u00f3r d\u00ed. Cailleann s\u00ed smacht uirthi f\u00e9in go hioml\u00e1n. T\u00e1 alltacht agus uaf\u00e1s ar \u00c9ile, ach c\u00e9ard is f\u00e9idir l\u00e9i a dh\u00e9anamh faoi?<\/p>\n<p>Sharon and \u00c9ile are fifteen year old twins. \u00c9ile is quiet and sensible and good at school, but Sharon is wild and scattered and spends a lot of time fooling around.One day coming up to the Junior cert exam Sharon needs to get down to studying she sees something that makes her lose control of herself completely. \u00c9ile is shocked and horrified, but what can she do?<\/p>\n<p>Author: \u00d3gie \u00d3 C\u00e9illeachair<\/p>\n","protected":false},"excerpt":{"rendered":"<p>C\u00fapla iad Sharon agus \u00c9ile agus iad beirt c\u00faig bliana d\u00e9ag d&#8217;aois. Cail\u00edn ci\u00fain, stuama, staid\u00e9arach \u00ed \u00c9ile at\u00e1 go maith ar scoil, ach t\u00e1 Sharon aerach agus fi\u00e1in agus b\u00edonn s\u00ed ag pleidhc\u00edocht i gc\u00f3na\u00ed. Agus an Teastas S\u00f3isearach ag druidim leo n\u00ed m\u00f3r do Sharon lu\u00ed isteach ar an obair, ach l\u00e1 amh\u00e1in [&hellip;]<\/p>\n","protected":false},"featured_media":6016,"template":"","meta":{"_monsterinsights_skip_tracking":false,"_monsterinsights_sitenote_active":false,"_monsterinsights_sitenote_note":"","_monsterinsights_sitenote_category":0},"product_brand":[],"product_cat":[691,692],"product_tag":[723,722,726],"class_list":{"0":"post-6015","1":"product","2":"type-product","3":"status-publish","4":"has-post-thumbnail","6":"product_cat-school","7":"product_cat-school-novels","8":"product_tag-gaeilge","9":"product_tag-irish-language","10":"product_tag-ogie-o-ceilleachair","12":"first","13":"instock","14":"taxable","15":"shipping-taxable","16":"purchasable","17":"product-type-simple"},"aioseo_notices":[],"jetpack_sharing_enabled":true,"_links":{"self":[{"href":"https:\/\/philipsbookshop.com\/index.php?rest_route=\/wp\/v2\/product\/6015","targetHints":{"allow":["GET"]}}],"collection":[{"href":"https:\/\/philipsbookshop.com\/index.php?rest_route=\/wp\/v2\/product"}],"about":[{"href":"https:\/\/philipsbookshop.com\/index.php?rest_route=\/wp\/v2\/types\/product"}],"wp:featuredmedia":[{"embeddable":true,"href":"https:\/\/philipsbookshop.com\/index.php?rest_route=\/wp\/v2\/media\/6016"}],"wp:attachment":[{"href":"https:\/\/philipsbookshop.com\/index.php?rest_route=%2Fwp%2Fv2%2Fmedia&parent=6015"}],"wp:term":[{"taxonomy":"product_brand","embeddable":true,"href":"https:\/\/philipsbookshop.com\/index.php?rest_route=%2Fwp%2Fv2%2Fproduct_brand&post=6015"},{"taxonomy":"product_cat","embeddable":true,"href":"https:\/\/philipsbookshop.com\/index.php?rest_route=%2Fwp%2Fv2%2Fproduct_cat&post=6015"},{"taxonomy":"product_tag","embeddable":true,"href":"https:\/\/philipsbookshop.com\/index.php?rest_route=%2Fwp%2Fv2%2Fproduct_tag&post=6015"}],"curies":[{"name":"wp","href":"https:\/\/api.w.org\/{rel}","templated":true}]}}