{"id":6057,"date":"2021-01-21T11:48:21","date_gmt":"2021-01-21T11:48:21","guid":{"rendered":"https:\/\/philipsbookshop.com\/?post_type=product&#038;p=6057"},"modified":"2023-10-25T11:27:58","modified_gmt":"2023-10-25T11:27:58","slug":"focloir-poca-irish-dictionary-new-edition","status":"publish","type":"product","link":"https:\/\/philipsbookshop.com\/?product=focloir-poca-irish-dictionary-new-edition","title":{"rendered":"Focloir Poca Irish Dictionary New Edition"},"content":{"rendered":"<p>Focl\u00f3ir P\u00f3ca Focl\u00f3ir P\u00f3ca, by An G\u00fam, is now available in a newly designed and expanded edition. It continues to be the market leader in Irish pocket dictionaries. Its popularity and continued success is based on its innovative features: English-Irish and Gaeilge-B\u00e9arla.<\/p>\n<p>Over 30,000 words and usage examples. Phonetic pronunciation given for all Irish headwords. Grammatical guide with verb tables. List of geographical names. Full pronunciation guide with sound files.<\/p>\n","protected":false},"excerpt":{"rendered":"<p>Focl\u00f3ir P\u00f3ca Focl\u00f3ir P\u00f3ca, by An G\u00fam, is now available in a newly designed and expanded edition. It continues to be the market leader in Irish pocket dictionaries. Its popularity and continued success is based on its innovative features: English-Irish and Gaeilge-B\u00e9arla. Over 30,000 words and usage examples. Phonetic pronunciation given for all Irish headwords. [&hellip;]<\/p>\n","protected":false},"featured_media":6058,"template":"","meta":{"_monsterinsights_skip_tracking":false,"_monsterinsights_sitenote_active":false,"_monsterinsights_sitenote_note":"","_monsterinsights_sitenote_category":0},"product_brand":[],"product_cat":[693,691],"product_tag":[747,723,722],"class_list":{"0":"post-6057","1":"product","2":"type-product","3":"status-publish","4":"has-post-thumbnail","6":"product_cat-dictionaries","7":"product_cat-school","8":"product_tag-an-gum","9":"product_tag-gaeilge","10":"product_tag-irish-language","12":"first","13":"instock","14":"taxable","15":"shipping-taxable","16":"purchasable","17":"product-type-simple"},"aioseo_notices":[],"jetpack_sharing_enabled":true,"_links":{"self":[{"href":"https:\/\/philipsbookshop.com\/index.php?rest_route=\/wp\/v2\/product\/6057","targetHints":{"allow":["GET"]}}],"collection":[{"href":"https:\/\/philipsbookshop.com\/index.php?rest_route=\/wp\/v2\/product"}],"about":[{"href":"https:\/\/philipsbookshop.com\/index.php?rest_route=\/wp\/v2\/types\/product"}],"wp:featuredmedia":[{"embeddable":true,"href":"https:\/\/philipsbookshop.com\/index.php?rest_route=\/wp\/v2\/media\/6058"}],"wp:attachment":[{"href":"https:\/\/philipsbookshop.com\/index.php?rest_route=%2Fwp%2Fv2%2Fmedia&parent=6057"}],"wp:term":[{"taxonomy":"product_brand","embeddable":true,"href":"https:\/\/philipsbookshop.com\/index.php?rest_route=%2Fwp%2Fv2%2Fproduct_brand&post=6057"},{"taxonomy":"product_cat","embeddable":true,"href":"https:\/\/philipsbookshop.com\/index.php?rest_route=%2Fwp%2Fv2%2Fproduct_cat&post=6057"},{"taxonomy":"product_tag","embeddable":true,"href":"https:\/\/philipsbookshop.com\/index.php?rest_route=%2Fwp%2Fv2%2Fproduct_tag&post=6057"}],"curies":[{"name":"wp","href":"https:\/\/api.w.org\/{rel}","templated":true}]}}